{"id":140,"date":"2022-10-11T12:56:34","date_gmt":"2022-10-11T12:56:34","guid":{"rendered":"http:\/\/dosevki.um.si\/?page_id=140"},"modified":"2022-10-11T12:58:07","modified_gmt":"2022-10-11T12:58:07","slug":"domov-2","status":"publish","type":"page","link":"https:\/\/dosevki.um.si\/index.php\/domov-2\/","title":{"rendered":"Domov"},"content":{"rendered":"\t\t<div data-elementor-type=\"wp-page\" data-elementor-id=\"140\" class=\"elementor elementor-140\">\n\t\t\t\t\t\t\t\t\t<section class=\"elementor-section elementor-top-section elementor-element elementor-element-5118e3f elementor-section-boxed elementor-section-height-default elementor-section-height-default\" data-id=\"5118e3f\" data-element_type=\"section\">\n\t\t\t\t\t\t<div class=\"elementor-container elementor-column-gap-default\">\n\t\t\t\t\t<div class=\"elementor-column elementor-col-100 elementor-top-column elementor-element elementor-element-4479e24\" data-id=\"4479e24\" data-element_type=\"column\">\n\t\t\t<div class=\"elementor-widget-wrap elementor-element-populated\">\n\t\t\t\t\t\t\t\t<div class=\"elementor-element elementor-element-9ab4992 elementor-grid-eael-col-4 elementor-grid-tablet-eael-col-2 elementor-grid-mobile-eael-col-1 elementor-widget elementor-widget-eael-post-grid\" data-id=\"9ab4992\" data-element_type=\"widget\" data-settings=\"{&quot;eael_post_grid_columns&quot;:&quot;eael-col-4&quot;,&quot;eael_post_grid_columns_tablet&quot;:&quot;eael-col-2&quot;,&quot;eael_post_grid_columns_mobile&quot;:&quot;eael-col-1&quot;}\" data-widget_type=\"eael-post-grid.default\">\n\t\t\t\t<div class=\"elementor-widget-container\">\n\t\t\t<div id=\"eael-post-grid-9ab4992\" class=\"eael-post-grid-container\">\n            <div class=\"eael-post-grid eael-post-appender eael-post-appender-9ab4992 eael-post-grid-style-default\" data-layout-mode=\"masonry\"><article class=\"eael-grid-post eael-post-grid-column\" data-id=\"509\">\n        <div class=\"eael-grid-post-holder\">\n            <div class=\"eael-grid-post-holder-inner\"><div class=\"eael-entry-wrapper\"><header class=\"eael-entry-header\"><h2 class=\"eael-entry-title\"><a\n                        class=\"eael-grid-post-link\"\n                        href=\"https:\/\/dosevki.um.si\/index.php\/2025\/05\/11\/informativni-letak\/\"\n                        title=\"Informativni letak\">Informativni letak<\/a><\/h2><\/header><div class=\"eael-entry-content\">\n                        <div class=\"eael-grid-post-excerpt\"><p>\ud83d\udce2 V okviru projekta Dosevki EIP smo pripravili informativni letak,...<\/p><a\n                            href=\"https:\/\/dosevki.um.si\/index.php\/2025\/05\/11\/informativni-letak\/\"\n                            class=\"eael-post-elements-readmore-btn\">Read More<\/a><\/div>\n                    <\/div><div class=\"eael-entry-footer\"><div class=\"eael-author-avatar\"><a href=\"https:\/\/dosevki.um.si\/index.php\/author\/urska\/\"><img alt='' src='https:\/\/secure.gravatar.com\/avatar\/2e56c3655e9cd1db183ed2b36a39185bf63561401d006f01f6bf9dd892055e4f?s=96&#038;d=mm&#038;r=g' srcset='https:\/\/secure.gravatar.com\/avatar\/2e56c3655e9cd1db183ed2b36a39185bf63561401d006f01f6bf9dd892055e4f?s=192&#038;d=mm&#038;r=g 2x' class='avatar avatar-96 photo' height='96' width='96' \/><\/a><\/div><div class=\"eael-entry-meta\"><span class=\"eael-posted-by\"><a href=\"https:\/\/dosevki.um.si\/index.php\/author\/urska\/\" title=\"Posts by Ur\u0161ka Lisec\" rel=\"author\">Ur\u0161ka Lisec<\/a><\/span><span class=\"eael-posted-on\"><time datetime=\"May 11, 2025\">May 11, 2025<\/time><\/span><\/div><\/div><\/div><\/div>\n        <\/div>\n    <\/article><article class=\"eael-grid-post eael-post-grid-column\" data-id=\"488\">\n        <div class=\"eael-grid-post-holder\">\n            <div class=\"eael-grid-post-holder-inner\"><div class=\"eael-entry-media\"><div class=\"eael-entry-overlay fade-in\"><i class=\"fas fa-long-arrow-alt-right\" aria-hidden=\"true\"><\/i><a href=\"https:\/\/dosevki.um.si\/index.php\/2025\/03\/30\/3-usposabljanje-partnerjev-v-okviru-eip-projekta\/\"><\/a><\/div><div class=\"eael-entry-thumbnail \">\n                <img loading=\"lazy\" decoding=\"async\" width=\"300\" height=\"186\" src=\"https:\/\/dosevki.um.si\/wp-content\/uploads\/2025\/03\/Zajeta-slika.jpg\" class=\"attachment-medium size-medium\" alt=\"\" \/>\n            <\/div>\n        <\/div><div class=\"eael-entry-wrapper\"><header class=\"eael-entry-header\"><h2 class=\"eael-entry-title\"><a\n                        class=\"eael-grid-post-link\"\n                        href=\"https:\/\/dosevki.um.si\/index.php\/2025\/03\/30\/3-usposabljanje-partnerjev-v-okviru-eip-projekta\/\"\n                        title=\"3. Usposabljanje partnerjev v okviru EIP projekta\">3. Usposabljanje partnerjev v okviru EIP projekta<\/a><\/h2><\/header><div class=\"eael-entry-content\">\n                        <div class=\"eael-grid-post-excerpt\"><p>Z veseljem sporo\u010damo, da je bilo, 19. 2. 2025, uspe\u0161no...<\/p><a\n                            href=\"https:\/\/dosevki.um.si\/index.php\/2025\/03\/30\/3-usposabljanje-partnerjev-v-okviru-eip-projekta\/\"\n                            class=\"eael-post-elements-readmore-btn\">Read More<\/a><\/div>\n                    <\/div><div class=\"eael-entry-footer\"><div class=\"eael-author-avatar\"><a href=\"https:\/\/dosevki.um.si\/index.php\/author\/urska\/\"><img alt='' src='https:\/\/secure.gravatar.com\/avatar\/2e56c3655e9cd1db183ed2b36a39185bf63561401d006f01f6bf9dd892055e4f?s=96&#038;d=mm&#038;r=g' srcset='https:\/\/secure.gravatar.com\/avatar\/2e56c3655e9cd1db183ed2b36a39185bf63561401d006f01f6bf9dd892055e4f?s=192&#038;d=mm&#038;r=g 2x' class='avatar avatar-96 photo' height='96' width='96' \/><\/a><\/div><div class=\"eael-entry-meta\"><span class=\"eael-posted-by\"><a href=\"https:\/\/dosevki.um.si\/index.php\/author\/urska\/\" title=\"Posts by Ur\u0161ka Lisec\" rel=\"author\">Ur\u0161ka Lisec<\/a><\/span><span class=\"eael-posted-on\"><time datetime=\"March 30, 2025\">March 30, 2025<\/time><\/span><\/div><\/div><\/div><\/div>\n        <\/div>\n    <\/article><article class=\"eael-grid-post eael-post-grid-column\" data-id=\"485\">\n        <div class=\"eael-grid-post-holder\">\n            <div class=\"eael-grid-post-holder-inner\"><div class=\"eael-entry-wrapper\"><header class=\"eael-entry-header\"><h2 class=\"eael-entry-title\"><a\n                        class=\"eael-grid-post-link\"\n                        href=\"https:\/\/dosevki.um.si\/index.php\/2025\/03\/30\/clanek-v-glasilu-zelena-dezela\/\"\n                        title=\"\u010clanek v Glasilu Zelena de\u017eela\">\u010clanek v Glasilu Zelena de\u017eela<\/a><\/h2><\/header><div class=\"eael-entry-content\">\n                        <div class=\"eael-grid-post-excerpt\"><p>V sklopu projekta je bil v reviji Zeleni de\u017eela, \u0161tevilka...<\/p><a\n                            href=\"https:\/\/dosevki.um.si\/index.php\/2025\/03\/30\/clanek-v-glasilu-zelena-dezela\/\"\n                            class=\"eael-post-elements-readmore-btn\">Read More<\/a><\/div>\n                    <\/div><div class=\"eael-entry-footer\"><div class=\"eael-author-avatar\"><a href=\"https:\/\/dosevki.um.si\/index.php\/author\/urska\/\"><img alt='' src='https:\/\/secure.gravatar.com\/avatar\/2e56c3655e9cd1db183ed2b36a39185bf63561401d006f01f6bf9dd892055e4f?s=96&#038;d=mm&#038;r=g' srcset='https:\/\/secure.gravatar.com\/avatar\/2e56c3655e9cd1db183ed2b36a39185bf63561401d006f01f6bf9dd892055e4f?s=192&#038;d=mm&#038;r=g 2x' class='avatar avatar-96 photo' height='96' width='96' \/><\/a><\/div><div class=\"eael-entry-meta\"><span class=\"eael-posted-by\"><a href=\"https:\/\/dosevki.um.si\/index.php\/author\/urska\/\" title=\"Posts by Ur\u0161ka Lisec\" rel=\"author\">Ur\u0161ka Lisec<\/a><\/span><span class=\"eael-posted-on\"><time datetime=\"March 30, 2025\">March 30, 2025<\/time><\/span><\/div><\/div><\/div><\/div>\n        <\/div>\n    <\/article><article class=\"eael-grid-post eael-post-grid-column\" data-id=\"480\">\n        <div class=\"eael-grid-post-holder\">\n            <div class=\"eael-grid-post-holder-inner\"><div class=\"eael-entry-wrapper\"><header class=\"eael-entry-header\"><h2 class=\"eael-entry-title\"><a\n                        class=\"eael-grid-post-link\"\n                        href=\"https:\/\/dosevki.um.si\/index.php\/2025\/02\/17\/clanek-v-kmeckem-glasu-metuljnice-nadomestijo-dusik-iz-mineralnih-gnojil\/\"\n                        title=\"\u010clanek v Kme\u010dkem glasu: Metuljnice nadomestijo du\u0161ik iz mineralnih gnojil\">\u010clanek v Kme\u010dkem glasu: Metuljnice nadomestijo du\u0161ik iz mineralnih gnojil<\/a><\/h2><\/header><div class=\"eael-entry-content\">\n                        <div class=\"eael-grid-post-excerpt\"><p>V \u010dlanku, objavljenem v Kme\u010dkem glasu 5. februarja 2025, so...<\/p><a\n                            href=\"https:\/\/dosevki.um.si\/index.php\/2025\/02\/17\/clanek-v-kmeckem-glasu-metuljnice-nadomestijo-dusik-iz-mineralnih-gnojil\/\"\n                            class=\"eael-post-elements-readmore-btn\">Read More<\/a><\/div>\n                    <\/div><div class=\"eael-entry-footer\"><div class=\"eael-author-avatar\"><a href=\"https:\/\/dosevki.um.si\/index.php\/author\/urska\/\"><img alt='' src='https:\/\/secure.gravatar.com\/avatar\/2e56c3655e9cd1db183ed2b36a39185bf63561401d006f01f6bf9dd892055e4f?s=96&#038;d=mm&#038;r=g' srcset='https:\/\/secure.gravatar.com\/avatar\/2e56c3655e9cd1db183ed2b36a39185bf63561401d006f01f6bf9dd892055e4f?s=192&#038;d=mm&#038;r=g 2x' class='avatar avatar-96 photo' height='96' width='96' \/><\/a><\/div><div class=\"eael-entry-meta\"><span class=\"eael-posted-by\"><a href=\"https:\/\/dosevki.um.si\/index.php\/author\/urska\/\" title=\"Posts by Ur\u0161ka Lisec\" rel=\"author\">Ur\u0161ka Lisec<\/a><\/span><span class=\"eael-posted-on\"><time datetime=\"February 17, 2025\">February 17, 2025<\/time><\/span><\/div><\/div><\/div><\/div>\n        <\/div>\n    <\/article><\/div>\n            <div class=\"clearfix\"><\/div>\n        <\/div>            <div class=\"eael-load-more-button-wrap eael-force-hide\">\n                <button class=\"eael-load-more-button\" id=\"eael-load-more-btn-9ab4992\" data-widget-id=\"9ab4992\" data-widget=\"9ab4992\" data-page-id=\"140\" data-nonce=\"237963de68\" data-template=\"{&quot;dir&quot;:&quot;lite&quot;,&quot;file_name&quot;:&quot;default.php&quot;,&quot;name&quot;:&quot;Post-Grid&quot;}\" data-class=\"Essential_Addons_Elementor\\Elements\\Post_Grid\" data-layout=\"masonry\" data-page=\"1\" data-args=\"orderby=date&amp;order=desc&amp;ignore_sticky_posts=1&amp;post_status=publish&amp;posts_per_page=4&amp;offset=0&amp;post_type=post\" data-max-page=\"7\">\n                    <div class=\"eael-btn-loader button__loader\"><\/div>\n                    <span>Load More<\/span>\n                <\/button>\n            <\/div>\n        \t\t<\/div>\n\t\t\t\t<\/div>\n\t\t\t\t\t<\/div>\n\t\t<\/div>\n\t\t\t\t\t\t\t<\/div>\n\t\t<\/section>\n\t\t\t\t\t\t\t<\/div>\n\t\t","protected":false},"excerpt":{"rendered":"<p>Ogled poskusnih polj V ponedejek&#8230; Read More Ur\u0161ka LisecOctober 11, 2022 O projektu Projekt EIP (Evropsko partnerstvo za inovacije) z naslovom \u201d Integracija&#8230; Read More Ur\u0161ka LisecOctober 11, 2022 Hello world! Welcome to WordPress. This is your first post. Edit or&#8230; Read More jurijOctober 9, 2022<\/p>\n","protected":false},"author":2,"featured_media":0,"parent":0,"menu_order":0,"comment_status":"closed","ping_status":"closed","template":"elementor_header_footer","meta":{"footnotes":""},"class_list":["post-140","page","type-page","status-publish","hentry"],"_links":{"self":[{"href":"https:\/\/dosevki.um.si\/index.php\/wp-json\/wp\/v2\/pages\/140","targetHints":{"allow":["GET"]}}],"collection":[{"href":"https:\/\/dosevki.um.si\/index.php\/wp-json\/wp\/v2\/pages"}],"about":[{"href":"https:\/\/dosevki.um.si\/index.php\/wp-json\/wp\/v2\/types\/page"}],"author":[{"embeddable":true,"href":"https:\/\/dosevki.um.si\/index.php\/wp-json\/wp\/v2\/users\/2"}],"replies":[{"embeddable":true,"href":"https:\/\/dosevki.um.si\/index.php\/wp-json\/wp\/v2\/comments?post=140"}],"version-history":[{"count":4,"href":"https:\/\/dosevki.um.si\/index.php\/wp-json\/wp\/v2\/pages\/140\/revisions"}],"predecessor-version":[{"id":145,"href":"https:\/\/dosevki.um.si\/index.php\/wp-json\/wp\/v2\/pages\/140\/revisions\/145"}],"wp:attachment":[{"href":"https:\/\/dosevki.um.si\/index.php\/wp-json\/wp\/v2\/media?parent=140"}],"curies":[{"name":"wp","href":"https:\/\/api.w.org\/{rel}","templated":true}]}}