{"id":73,"date":"2022-10-11T11:37:25","date_gmt":"2022-10-11T11:37:25","guid":{"rendered":"http:\/\/dosevki.um.si\/?page_id=73"},"modified":"2023-01-11T19:17:52","modified_gmt":"2023-01-11T19:17:52","slug":"o-projektu","status":"publish","type":"page","link":"https:\/\/dosevki.um.si\/index.php\/o-projektu\/","title":{"rendered":"O projektu"},"content":{"rendered":"\n<p>Projekt EIP (Evropsko partnerstvo za inovacije) z naslovom \u201d<strong> Integracija dosevkov za ozelenitev tal v njivski kolobar&nbsp; &#8211; <\/strong>mo\u017enosti nadome\u0161\u010danja N iz mineralnih gnojil pri gnojenju naslednje polj\u0161\u010dine\u201d se izvaja v okviru ukrepa M16: Sodelovanje iz Programa razvoja pode\u017eelja, podukrep 16.5: Podpora za skupno ukrepanje za bla\u017eitev podnebnih sprememb ali prilagajanje nanje ter za skupne pristope k okoljskim projektom in stalnim okoljskim praksam.<\/p>\n\n\n\n<p class=\"has-white-background-color has-text-color has-background\" style=\"color:#159943de\"><strong>Tematika projekta:<\/strong><\/p>\n\n\n\n<p>Cene mineralnih N gnojil konstantno nara\u0161\u010dajo in na mnogih KMG \u017ee presegajo \u0161e sprejemljive vrednosti za njihovo nabavo. V Sloveniji je, predvsem na poljedelsko usmerjenih KMG brez rejnih \u017eivali in uporabe \u017eivinskih gnojil ter me\u0161anih KMG z malo rejnih \u017eivali oz. \u017eivinskih gnojil, nabava mineralnih N gnojil zmanj\u0161ana ali pa gnojil ne bodo nabavljali. <strong>Projekt preko \u0161tevilnih oblik prenosa znanja v prakso vpeljuje v njivski kolobar dosevke za ozelenitev tal z namenom zmanj\u0161evanja potreb po mineralnih N gnojilih pri gnojenju polj\u0161\u010din.<\/strong> <strong>V projektu \u017eelimo dejansko prikazati, za koliko lahko zmanj\u0161amo uporabo mineralnih N gnojil pri naslednji polj\u0161\u010dini<\/strong>, <strong>\u010de dosevek (prezimna metuljnica + manj\u0161i dele\u017e enoletnih neprezimnih rastlin, ki cvetijo v jeseni \u2013 facelija, bela gorju\u0161ica):<\/strong><\/p>\n\n\n\n<p><strong>&#8211; sejemo v razli\u010dnih rokih setve (pozno poleti ali v jeseni) za maksimiranje simbiotske vezave N;<\/strong><\/p>\n\n\n\n<p><strong>&#8211; pred setvijo naslednje polj\u0161\u010dine v kolobarju, bodisi v celoti zaorjemo in nato opravimo setev, bodisi le pomul\u010dimo in setev polj\u0161\u010dine opravimo z minimalno obdelavo tal.<\/strong><\/p>\n\n\n\n<p><strong>V projektu dejansko ugotavljamo pridelek naslednje polj\u0161\u010dine ob zmanj\u0161anem gnojenju ali brez gnojenja z N iz mineralnih gnojil.<\/strong> Te\u017ei\u0161\u010de projekta je torej v pove\u010devanju proizvodnega potencial njivskih povr\u0161in ob zmanj\u0161anem vnosu (za polovico ali celo ve\u010d) N iz mineralnih gnojil. Stalna pokritost poljedelskih povr\u0161in z rastlinami (tudi preko jesensko-zimskega obdobja, kar nam omogo\u010dajo dosevki za prezimno ozelenitev tal) pa zmanj\u0161uje mo\u017enost erozije in degradacije tal. Projekt se kompleksno osredoto\u010da \u0161e na druge okolijsko zelo aktualne problematike (izpiranje N, simbiotska vezava N, sekvestracija ogljika, \u2026).<\/p>\n\n\n\n<p class=\"has-white-background-color has-text-color has-background\" style=\"color:#159943de\"><strong>Splo\u0161ni cilji so:<\/strong><\/p>\n\n\n\n<ul class=\"wp-block-list\">\n<li><strong>zmanj\u0161evanje potreb po mineralnih N gnojilih pri gnojenju polj\u0161\u010din preko vpeljevanja dosevkov za ozelenitev tal v njivski kolobar<\/strong>, kjer bomo dolo\u010dili koli\u010dino simbiotsko vezanega in akumuliranega N ter koli\u010dino hranil dostopnih naslednji polj\u0161\u010dini po mineralizaciji organske snovi,<\/li>\n\n\n\n<li><strong>dokazovanje dejanskega u\u010dinka simbiotske vezave N s prezimno metuljnico na zmanj\u0161anje potreb po gnojenju z N iz mineralnih gnojil naslednji polj\u0161\u010dini,<\/strong><\/li>\n\n\n\n<li>pove\u010devanje proizvodnega potencial njivskih povr\u0161in za pridelavo hrane z integracijo dosevkov za ozelenitev tal v njivski kolobar zaradi pozitivnih vplivov na rodovitnost tal, biodiverziteto ter ohranjanje kakovosti povr\u0161inskih in podzemnih voda,<\/li>\n\n\n\n<li>prenos v dosedanjem znanstvenem delu pridobljenih rezultatov preko u\u010dinkovitega povezovanja raziskovalnih in svetovalnih institucij ter kmetov v neposredno prakso.<\/li>\n<\/ul>\n\n\n\n<p class=\"has-white-background-color has-text-color has-background\" style=\"color:#159943de\"><strong>Pri\u010dakovane spremembe <\/strong><\/p>\n\n\n\n<ul class=\"wp-block-list\">\n<li><strong>u\u010dinkovita pridelava polj\u0161\u010din tudi ob zmanj\u0161anem vnosu (za polovico ali celo ve\u010d) N iz mineralnih gnojil<\/strong> na poljedelskemu tipu KMG brez rejnih \u017eivali in uporabe \u017eivinskih gnojil ter na me\u0161anem (poljedelsko-\u017eivinorejskem) tipu KMG z malo rejnih \u017eivali oz. \u017eivinskih gnojil,<\/li>\n\n\n\n<li><strong>dokazana koli\u010dina simbiotsko vezanega in akumuliranega N s prezimno metuljnico in njen doprinos k zmanj\u0161ani koli\u010dini porabljenega N iz mineralnih gnojil pri gnojenju naslednje polj\u0161\u010dine<\/strong>,<\/li>\n\n\n\n<li>bolj\u0161i pridelovalni in okoljevarstveni u\u010dinek pridelave in u\u010dinkovitej\u0161e povezovanje raziskovalnih institucij, svetovalne slu\u017ebe in kmetov.&nbsp;<\/li>\n<\/ul>\n","protected":false},"excerpt":{"rendered":"<p>Projekt EIP (Evropsko partnerstvo za inovacije) z naslovom \u201d Integracija dosevkov za ozelenitev tal v njivski kolobar&nbsp; &#8211; mo\u017enosti nadome\u0161\u010danja N iz mineralnih gnojil pri gnojenju naslednje polj\u0161\u010dine\u201d se izvaja v okviru ukrepa M16: Sodelovanje iz Programa razvoja pode\u017eelja, podukrep 16.5: Podpora za skupno ukrepanje za bla\u017eitev podnebnih sprememb ali prilagajanje nanje ter za skupne&#8230;<\/p>\n<p class=\"more-link-wrap\"><a href=\"https:\/\/dosevki.um.si\/index.php\/o-projektu\/\" class=\"more-link\">Read More<span class=\"screen-reader-text\"> &ldquo;O projektu&rdquo;<\/span> &raquo;<\/a><\/p>\n","protected":false},"author":2,"featured_media":0,"parent":0,"menu_order":0,"comment_status":"closed","ping_status":"closed","template":"","meta":{"footnotes":""},"class_list":["post-73","page","type-page","status-publish","hentry"],"_links":{"self":[{"href":"https:\/\/dosevki.um.si\/index.php\/wp-json\/wp\/v2\/pages\/73","targetHints":{"allow":["GET"]}}],"collection":[{"href":"https:\/\/dosevki.um.si\/index.php\/wp-json\/wp\/v2\/pages"}],"about":[{"href":"https:\/\/dosevki.um.si\/index.php\/wp-json\/wp\/v2\/types\/page"}],"author":[{"embeddable":true,"href":"https:\/\/dosevki.um.si\/index.php\/wp-json\/wp\/v2\/users\/2"}],"replies":[{"embeddable":true,"href":"https:\/\/dosevki.um.si\/index.php\/wp-json\/wp\/v2\/comments?post=73"}],"version-history":[{"count":6,"href":"https:\/\/dosevki.um.si\/index.php\/wp-json\/wp\/v2\/pages\/73\/revisions"}],"predecessor-version":[{"id":244,"href":"https:\/\/dosevki.um.si\/index.php\/wp-json\/wp\/v2\/pages\/73\/revisions\/244"}],"wp:attachment":[{"href":"https:\/\/dosevki.um.si\/index.php\/wp-json\/wp\/v2\/media?parent=73"}],"curies":[{"name":"wp","href":"https:\/\/api.w.org\/{rel}","templated":true}]}}