{"id":76,"date":"2022-10-11T11:37:32","date_gmt":"2022-10-11T11:37:32","guid":{"rendered":"http:\/\/dosevki.um.si\/?page_id=76"},"modified":"2025-03-30T18:01:35","modified_gmt":"2025-03-30T18:01:35","slug":"aktualne-obajve","status":"publish","type":"page","link":"https:\/\/dosevki.um.si\/index.php\/aktualne-obajve\/","title":{"rendered":"Aktualne obajve"},"content":{"rendered":"\n<ul class=\"wp-block-list\">\n<li><strong>2025<\/strong><\/li>\n<\/ul>\n\n\n\n<p><strong>Radio<\/strong><br>Radio Sraka, <a href=\"https:\/\/radiosraka.com\/napovednik\/kmetijska-oddaja-kmetje-varuhi-narave-in-okolja\/\" data-type=\"link\" data-id=\"https:\/\/radiosraka.com\/napovednik\/kmetijska-oddaja-kmetje-varuhi-narave-in-okolja\/\">Kmetijska oddaja: Kmetje varuhi narave in okolja<\/a>, Nedelja, 2. februar 2025, ob 9.30<\/p>\n\n\n\n<p><strong>Objave v revijah\/\u010dasopisih:<\/strong><br>&#8211; <a href=\"https:\/\/mmjevnikar.kmeckiglas.com\/metuljnice-nadomestijo-dusik-iz-mineralnih-gnojil\/\" data-type=\"link\" data-id=\"https:\/\/mmjevnikar.kmeckiglas.com\/metuljnice-nadomestijo-dusik-iz-mineralnih-gnojil\/\">Metuljnice nadomestijo du\u0161ik iz mineralnih gnojil<\/a>. Kme\u010dki glas. 5. februar 2025<br>&#8211; <a href=\"https:\/\/www.kgzs.si\/kgzs\/kmetijsko-svetovanje\/e-knjiznica\/e-knjiznica-zapis\/glasilo-zelena-dezela-st-189-februar-2025\" data-type=\"link\" data-id=\"https:\/\/www.kgzs.si\/kgzs\/kmetijsko-svetovanje\/e-knjiznica\/e-knjiznica-zapis\/glasilo-zelena-dezela-st-189-februar-2025\">Inkarnatka namesto mineralnih gnojil<\/a>. Glasilo Zelena de\u017eela. Februar 2025<\/p>\n\n\n\n<ul class=\"wp-block-list\">\n<li><strong>2024<\/strong><\/li>\n<\/ul>\n\n\n\n<p><strong>YouTube<\/strong>:<br><a href=\"https:\/\/www.youtube.com\/watch?v=EWUikoMThak\" data-type=\"link\" data-id=\"https:\/\/www.youtube.com\/watch?v=EWUikoMThak\">Dognojevanje okopavin in varstvo krompirja_ kratki poljedelski nasveti<\/a><\/p>\n\n\n\n<p><strong>Facebook:<\/strong><br>&#8211; <a href=\"https:\/\/www.facebook.com\/permalink.php?story_fbid=pfbid02rbLYhCpo4cDM5GddXAXwDQtQ2rVfUKjgLJPhuyiRk6KYGdcNbuZ7Vi7Bg3vwcQhDl&amp;id=100057223039619\" data-type=\"link\" data-id=\"https:\/\/www.facebook.com\/permalink.php?story_fbid=pfbid02rbLYhCpo4cDM5GddXAXwDQtQ2rVfUKjgLJPhuyiRk6KYGdcNbuZ7Vi7Bg3vwcQhDl&amp;id=100057223039619\">Rezultati na\u0161ega EIP projekta na RTV SLO!<\/a><br>&#8211; <a href=\"https:\/\/www.facebook.com\/btsmb\/posts\/pfbid0pSZQM7hqQCqB4apCH8sxqH3MKe7WvjfmzDkAUtj6CTuqRy5kAJaEDEfjKNnFaCGVl\" data-type=\"link\" data-id=\"https:\/\/www.facebook.com\/btsmb\/posts\/pfbid0pSZQM7hqQCqB4apCH8sxqH3MKe7WvjfmzDkAUtj6CTuqRy5kAJaEDEfjKNnFaCGVl\">3. Strokovna ekskurzija dijakov BIOTEHNI\u0160KE \u0160OLE Maribor<\/a><br>&#8211;<a href=\"https:\/\/www.facebook.com\/btsmb\/posts\/pfbid0HhHHtBtWZAQbD5YSxMmaRVSPrvyycVPpNk8JUwY2y211tMoVK74v3HkVErfNfCPAl\" data-type=\"link\" data-id=\"https:\/\/www.facebook.com\/btsmb\/posts\/pfbid0HhHHtBtWZAQbD5YSxMmaRVSPrvyycVPpNk8JUwY2y211tMoVK74v3HkVErfNfCPAl\"> Strokovna ekskurzija dijakov na kmetiji MEDVED<\/a><br>&#8211; <a href=\"https:\/\/www.facebook.com\/KGZNMSVR\/posts\/pfbid02NLPuQ6e4c8LAz1wKQ13a2Xnqc2Hsgy95u4yEh1t3n1uNWs2ubgJyrff1MQT4NgVcl\" data-type=\"link\" data-id=\"https:\/\/www.facebook.com\/KGZNMSVR\/posts\/pfbid02NLPuQ6e4c8LAz1wKQ13a2Xnqc2Hsgy95u4yEh1t3n1uNWs2ubgJyrff1MQT4NgVcl\">Novi aktualni nasveti o dognojevanju in varstvu okopavin za poljedelce v video podobi.<\/a><br>&#8211; <a href=\"https:\/\/www.facebook.com\/KGZMB\/posts\/pfbid02mEAwY8hyism7LXFaNFWWrEhPMXCRk3SHkd4tAZQtgjz8XZhePxCsZ5D1pqexCyPKl\" data-type=\"link\" data-id=\"https:\/\/www.facebook.com\/KGZMB\/posts\/pfbid02mEAwY8hyism7LXFaNFWWrEhPMXCRk3SHkd4tAZQtgjz8XZhePxCsZ5D1pqexCyPKl\">Vzor\u010denje dosevkov Inkarnatke in Mnogocvetne ljulke pri projektu EIP Integracija dosevkov za ozelenitev tal v njivski kolobar na partnerskih kmetijah!<\/a><br>&#8211; <a href=\"https:\/\/www.facebook.com\/KGZMB\/posts\/pfbid02YNvTH8PvXjZ94tJPG1ihhZEMACBF9UU1hrEd6pqNGhZK1Yrdgd76DG6fvonTeKCCl\" data-type=\"link\" data-id=\"https:\/\/www.facebook.com\/KGZMB\/posts\/pfbid02YNvTH8PvXjZ94tJPG1ihhZEMACBF9UU1hrEd6pqNGhZK1Yrdgd76DG6fvonTeKCCl\">Usposabljanje v okviru EIP projekta &#8220;Integracija dosevkov za ozelenitev tal v njivskem kolobarju&#8221;. <\/a><br>&#8211; <a href=\"https:\/\/www.facebook.com\/permalink.php?story_fbid=pfbid0g692mWaHUMDM7NcoFtZpHerRfu7BBb7Fqkh2LcbRhuaTXFqrtQ2ts6B3FdZytg5Dl&amp;id=100057223039619\" data-type=\"link\" data-id=\"https:\/\/www.facebook.com\/permalink.php?story_fbid=pfbid0g692mWaHUMDM7NcoFtZpHerRfu7BBb7Fqkh2LcbRhuaTXFqrtQ2ts6B3FdZytg5Dl&amp;id=100057223039619\">Drugo usposabljanje v okviru EIP projekta &#8220;Integracija dosevkov za ozelenitev tal v njivskem kolobarju&#8221;.<\/a><br><br><strong>Radio in televizija:<\/strong><br>Ljudje in zemlja, <a href=\"https:\/\/365.rtvslo.si\/arhiv\/ljudje-in-zemlja\/175090582\" data-type=\"link\" data-id=\"https:\/\/365.rtvslo.si\/arhiv\/ljudje-in-zemlja\/175090582\">Izobra\u017eevalno\u2013svetovalna oddaja<\/a>, 1. 12. 2024 (32:02)<br>Radio Sraka, <a href=\"https:\/\/radiosraka.com\/napovednik\/kmetijska-oddaja-40\/\" data-type=\"link\" data-id=\"https:\/\/radiosraka.com\/napovednik\/kmetijska-oddaja-40\/\">Kmetijska oddaja<\/a>, Nedelja, 14. april 2024 \u2013 ob 9.30.<\/p>\n\n\n\n<p><strong>Objave v revijah\/\u010dasopisih:<\/strong><br>&#8211; Prezimni dosevki kot re\u0161itev za zmanj\u0161anje uporabe mineralnih gnojil v poljedelstvu.<a href=\"http:\/\/www.kz-ptuj.si\/wp-content\/uploads\/2024\/11\/zadruznik_okt_2.pdf\" data-type=\"link\" data-id=\"http:\/\/www.kz-ptuj.si\/wp-content\/uploads\/2024\/11\/zadruznik_okt_2.pdf\">&nbsp;<em>Ptujski zadru\u017enik<\/em><\/a><em> : novice in nasveti Kmetijske zadruge Ptuj<\/em>. Oktober 2024, str. [2-3], ilustr. [COBISS.SI-ID&nbsp;<a href=\"https:\/\/plus.cobiss.net\/cobiss\/si\/sl\/bib\/215741699\" target=\"_blank\" rel=\"noreferrer noopener\">215741699<\/a>],<br>&#8211; Pomen dosevkov inkarnatke in mnogocvetne ljuljke za posevek koruze.&nbsp;<em><a href=\"https:\/\/kmeckiglas.com\/\" data-type=\"link\" data-id=\"https:\/\/kmeckiglas.com\/\">Kme\u010dki glas<\/a><\/em>. 12. junij 2024, letn. 81, \u0161t. 24, str. 10, ilustr. ISSN 0350-4093. [COBISS.SI-ID&nbsp;<a href=\"https:\/\/plus.cobiss.net\/cobiss\/si\/sl\/bib\/211382531\" target=\"_blank\" rel=\"noreferrer noopener\">211382531<\/a>]<\/p>\n\n\n\n<ul class=\"wp-block-list\">\n<li><strong>2023<\/strong><\/li>\n<\/ul>\n\n\n\n<p><strong>Facebook:<\/strong><br>&#8211; <a href=\"https:\/\/www.facebook.com\/permalink.php?story_fbid=pfbid02TVWtob3bTA1ib3cLCpkb6PmWV5jsaFmtVgBZ3rT7SuhdoWZe1MTfuiEwsNbZUCeMl&amp;id=100057223039619\" data-type=\"link\" data-id=\"https:\/\/www.facebook.com\/permalink.php?story_fbid=pfbid02TVWtob3bTA1ib3cLCpkb6PmWV5jsaFmtVgBZ3rT7SuhdoWZe1MTfuiEwsNbZUCeMl&amp;id=100057223039619\">Prvi kratek video<\/a><img loading=\"lazy\" decoding=\"async\" height=\"16\" width=\"16\" src=\"https:\/\/static.xx.fbcdn.net\/images\/emoji.php\/v9\/t39\/1\/16\/1f4e2.png\" alt=\"\ud83d\udce2\"><br>&#8211; <a href=\"https:\/\/www.facebook.com\/KGZMB\/posts\/pfbid02Dz3SZeaRL8uwU3Zxe35nvFi5T2Dg4cq869ZLEud6K9hUJGVTPDvSw2q6xa7kp4Nhl\" data-type=\"link\" data-id=\"https:\/\/www.facebook.com\/KGZMB\/posts\/pfbid02Dz3SZeaRL8uwU3Zxe35nvFi5T2Dg4cq869ZLEud6K9hUJGVTPDvSw2q6xa7kp4Nhl\">Vzor\u010denje dosevkov na partnerskih kmetijah<\/a><br>&#8211; <a href=\"https:\/\/www.facebook.com\/KGZMB\/posts\/pfbid02pM1yvu6VJjqpP2pWNBr4E9CHPbwTGqUv4MXwNUa9v8Rf2ux1scZHNoXZrrAFqVWjl\" data-type=\"link\" data-id=\"https:\/\/www.facebook.com\/KGZMB\/posts\/pfbid02pM1yvu6VJjqpP2pWNBr4E9CHPbwTGqUv4MXwNUa9v8Rf2ux1scZHNoXZrrAFqVWjl\">Odvzem talnih vzorcev in pridelka koruze ter setev dosevkov<\/a><br>&#8211; <a href=\"https:\/\/www.facebook.com\/KGZMB\/posts\/pfbid029A8tzyYx5dZjMwvkNjSk9U4VkJbKFp4a5AqsTb5W73nSspdh2R2jJkeWwRUEs3bal\" data-type=\"link\" data-id=\"https:\/\/www.facebook.com\/KGZMB\/posts\/pfbid029A8tzyYx5dZjMwvkNjSk9U4VkJbKFp4a5AqsTb5W73nSspdh2R2jJkeWwRUEs3bal\">Setve poskusov strni\u0161\u010dnih dosevkov v okviru projekta<\/a><br>&#8211; <a href=\"https:\/\/www.facebook.com\/btsmb\/posts\/pfbid02VhHsFUSoojYmY4fDGbbBa9Lvnd4X8CfpyMMaKndrrg1sMLdB1cDBMQsqC8qXjrq9l\" data-type=\"link\" data-id=\"https:\/\/www.facebook.com\/btsmb\/posts\/pfbid02VhHsFUSoojYmY4fDGbbBa9Lvnd4X8CfpyMMaKndrrg1sMLdB1cDBMQsqC8qXjrq9l\">Strokovna ekskurzija na kmetiji Medved<\/a><\/p>\n\n\n\n<p><strong>YouTube:<\/strong><br>&#8211; <a href=\"https:\/\/www.youtube.com\/watch?v=yEaIHrbfzfk\" data-type=\"link\" data-id=\"https:\/\/www.youtube.com\/watch?v=yEaIHrbfzfk\">Setev dosevkov in odvzem vzorcev za Nmin<\/a><\/p>\n\n\n\n<ul class=\"wp-block-list\">\n<li><strong>2022<\/strong><\/li>\n<\/ul>\n\n\n\n<p><strong>Facebook:<\/strong><br>&#8211; <a href=\"https:\/\/www.facebook.com\/KGZMB\/posts\/pfbid0mUBrY5NTuEAHzT74rbVEgC7mdJS266xQFEoLXy98C83Tive66G9yfxgyXnJUoM8jl\" data-type=\"URL\" data-id=\"https:\/\/www.facebook.com\/KGZMB\/posts\/pfbid0mUBrY5NTuEAHzT74rbVEgC7mdJS266xQFEoLXy98C83Tive66G9yfxgyXnJUoM8jl\" target=\"_blank\" rel=\"noreferrer noopener\">Na poskusnih poljih partnerjev projekta EIP<\/a><\/p>\n\n\n\n<p><strong>Objave v revijah\/\u010dasopisih:<\/strong><br> &#8211; Z integracijo dosevkov za ozelenitev tal v njivski kolobar do izbolj\u0161anih mo\u017enosti nadome\u0161\u010danja du\u0161ika iz mineralnih gnojil pri gnojenju naslednje polj\u0161\u010dine.&nbsp;<em>Na\u0161e travinje : revija Dru\u0161tva za gospodarjenje na travinju Slovenije<\/em>. December 2022, letn. 16, \u0161t. 1, str. 29-30, ilustr. ISSN 1854-343X. [COBISS.SI-ID&nbsp;<a href=\"https:\/\/plus.cobiss.net\/cobiss\/si\/sl\/bib\/132352771\" target=\"_blank\" rel=\"noreferrer noopener\">132352771<\/a>]. <\/p>\n\n\n\n<p><\/p>\n\n\n\n<p><strong>Obajve partnerjev projekta:<\/strong><br>&#8211; <a rel=\"noreferrer noopener\" href=\"https:\/\/www.kis.si\/EIP_OZ\/dosevki-nadomescanje_N_iz_mineralnih_gnojil\/\" data-type=\"URL\" data-id=\"https:\/\/www.kis.si\/EIP_OZ\/dosevki-nadomescanje_N_iz_mineralnih_gnojil\/\" target=\"_blank\">Kmetijski in\u0161titut Slovenije <\/a><br>&#8211; <a rel=\"noreferrer noopener\" href=\"https:\/\/www.kmetijski-zavod.si\/sl-si\/dogodki-in-projekti\/projekti\/nacionalni-projekti\/eip-integracija-dosevkov-za-ozelenitev-tal-v-njivski-kolobar\" data-type=\"URL\" data-id=\"https:\/\/www.kmetijski-zavod.si\/sl-si\/dogodki-in-projekti\/projekti\/nacionalni-projekti\/eip-integracija-dosevkov-za-ozelenitev-tal-v-njivski-kolobar\" target=\"_blank\">KGZS, Kmetijsko gozdarski zavod Maribor<\/a>, <br>&#8211; <a rel=\"noreferrer noopener\" href=\"https:\/\/www.kmetijskizavod-nm.si\/projekti\/eip-projekti\/integracija-dosevkov-za-ozelenitev-tal-v-njivski-kolobar\" data-type=\"URL\" data-id=\"https:\/\/www.kmetijskizavod-nm.si\/projekti\/eip-projekti\/integracija-dosevkov-za-ozelenitev-tal-v-njivski-kolobar\" target=\"_blank\">KGZS, Kmetijsko gozdarski zavod Novo mesto<\/a>,<br>&#8211; <a rel=\"noreferrer noopener\" href=\"http:\/\/jgzrinka.si\/2022\/08\/23\/integracija-dosevkov-za-ozelenitev-tal-v-njivski-kolobar\/\" data-type=\"URL\" data-id=\"http:\/\/jgzrinka.si\/2022\/08\/23\/integracija-dosevkov-za-ozelenitev-tal-v-njivski-kolobar\/\" target=\"_blank\">JGZ RINKA<\/a>. <br><\/p>\n\n\n\n<p><\/p>\n","protected":false},"excerpt":{"rendered":"<p>RadioRadio Sraka, Kmetijska oddaja: Kmetje varuhi narave in okolja, Nedelja, 2. februar 2025, ob 9.30 Objave v revijah\/\u010dasopisih:&#8211; Metuljnice nadomestijo du\u0161ik iz mineralnih gnojil. Kme\u010dki glas. 5. februar 2025&#8211; Inkarnatka namesto mineralnih gnojil. Glasilo Zelena de\u017eela. Februar 2025 YouTube:Dognojevanje okopavin in varstvo krompirja_ kratki poljedelski nasveti Facebook:&#8211; Rezultati na\u0161ega EIP projekta na RTV SLO!&#8211; 3&#8230;.<\/p>\n<p class=\"more-link-wrap\"><a href=\"https:\/\/dosevki.um.si\/index.php\/aktualne-obajve\/\" class=\"more-link\">Read More<span class=\"screen-reader-text\"> &ldquo;Aktualne obajve&rdquo;<\/span> &raquo;<\/a><\/p>\n","protected":false},"author":2,"featured_media":0,"parent":0,"menu_order":0,"comment_status":"closed","ping_status":"closed","template":"","meta":{"footnotes":""},"class_list":["post-76","page","type-page","status-publish","hentry"],"_links":{"self":[{"href":"https:\/\/dosevki.um.si\/index.php\/wp-json\/wp\/v2\/pages\/76","targetHints":{"allow":["GET"]}}],"collection":[{"href":"https:\/\/dosevki.um.si\/index.php\/wp-json\/wp\/v2\/pages"}],"about":[{"href":"https:\/\/dosevki.um.si\/index.php\/wp-json\/wp\/v2\/types\/page"}],"author":[{"embeddable":true,"href":"https:\/\/dosevki.um.si\/index.php\/wp-json\/wp\/v2\/users\/2"}],"replies":[{"embeddable":true,"href":"https:\/\/dosevki.um.si\/index.php\/wp-json\/wp\/v2\/comments?post=76"}],"version-history":[{"count":39,"href":"https:\/\/dosevki.um.si\/index.php\/wp-json\/wp\/v2\/pages\/76\/revisions"}],"predecessor-version":[{"id":487,"href":"https:\/\/dosevki.um.si\/index.php\/wp-json\/wp\/v2\/pages\/76\/revisions\/487"}],"wp:attachment":[{"href":"https:\/\/dosevki.um.si\/index.php\/wp-json\/wp\/v2\/media?parent=76"}],"curies":[{"name":"wp","href":"https:\/\/api.w.org\/{rel}","templated":true}]}}